{"id":283,"date":"2022-08-09T16:14:41","date_gmt":"2022-08-09T19:14:41","guid":{"rendered":"https:\/\/luciaporto.com.br\/index\/?page_id=283"},"modified":"2022-09-29T13:29:49","modified_gmt":"2022-09-29T16:29:49","slug":"trabalhos-lucia-porto","status":"publish","type":"page","link":"https:\/\/luciaporto.com.br\/index\/trabalhos-lucia-porto\/","title":{"rendered":"Trabalhos de Lucia Porto"},"content":{"rendered":"\t\t<div data-elementor-type=\"wp-page\" data-elementor-id=\"283\" class=\"elementor elementor-283\">\n\t\t\t\t\t\t<section class=\"elementor-section elementor-top-section elementor-element elementor-element-5b1f990b elementor-section-full_width elementor-section-height-min-height elementor-section-items-stretch elementor-section-content-top elementor-section-height-default\" data-id=\"5b1f990b\" data-element_type=\"section\" data-settings=\"{&quot;background_background&quot;:&quot;classic&quot;}\">\n\t\t\t\t\t\t<div class=\"elementor-container elementor-column-gap-no\">\n\t\t\t\t\t<div class=\"elementor-column elementor-col-100 elementor-top-column elementor-element elementor-element-a0e7e37\" data-id=\"a0e7e37\" data-element_type=\"column\">\n\t\t\t<div class=\"elementor-widget-wrap elementor-element-populated\">\n\t\t\t\t\t\t<div class=\"elementor-element elementor-element-30d761d7 elementor-widget__width-initial elementor-absolute elementor-widget-tablet__width-initial elementor-widget-mobile__width-inherit elementor-widget elementor-widget-spacer\" data-id=\"30d761d7\" data-element_type=\"widget\" data-settings=\"{&quot;_position&quot;:&quot;absolute&quot;}\" data-widget_type=\"spacer.default\">\n\t\t\t\t<div class=\"elementor-widget-container\">\n\t\t\t\t\t\t\t<div class=\"elementor-spacer\">\n\t\t\t<div class=\"elementor-spacer-inner\"><\/div>\n\t\t<\/div>\n\t\t\t\t\t\t<\/div>\n\t\t\t\t<\/div>\n\t\t\t\t<section class=\"elementor-section elementor-inner-section elementor-element elementor-element-3efaa894 elementor-section-boxed elementor-section-height-default elementor-section-height-default\" data-id=\"3efaa894\" data-element_type=\"section\">\n\t\t\t\t\t\t<div class=\"elementor-container elementor-column-gap-no\">\n\t\t\t\t\t<div class=\"elementor-column elementor-col-50 elementor-inner-column elementor-element elementor-element-61c16701\" data-id=\"61c16701\" data-element_type=\"column\">\n\t\t\t<div class=\"elementor-widget-wrap elementor-element-populated\">\n\t\t\t\t\t\t<div class=\"elementor-element elementor-element-6ada2fe elementor-widget elementor-widget-text-editor\" data-id=\"6ada2fe\" data-element_type=\"widget\" data-widget_type=\"text-editor.default\">\n\t\t\t\t<div class=\"elementor-widget-container\">\n\t\t\t\t\t\t\t\t\t<h1><strong>Clique no menu de trabalhos de <a href=\"https:\/\/luciaporto.com.br\/index\/\">Lucia Porto<\/a> para ver a galeria das obras.<\/strong><\/h1><p>\u00a0<\/p><p>Atua em espa\u00e7os institucionais, alternativos e urbanos com obras de grandes dimens\u00f5es, usando espa\u00e7os como suporte. Explora a mat\u00e9ria, prima, primeira, primordial. Desvenda o universo criativo e imaginativo que um objeto tr\u00e1s intr\u00edsico a sua ess\u00eancia sem alterar necessariamente a forma, mas alterando a percep\u00e7\u00e3o humana do mesmo.<\/p>\t\t\t\t\t\t\t\t<\/div>\n\t\t\t\t<\/div>\n\t\t\t\t\t<\/div>\n\t\t<\/div>\n\t\t\t\t<div class=\"elementor-column elementor-col-50 elementor-inner-column elementor-element elementor-element-f634471\" data-id=\"f634471\" data-element_type=\"column\">\n\t\t\t<div class=\"elementor-widget-wrap elementor-element-populated\">\n\t\t\t\t\t\t<div class=\"elementor-element elementor-element-5e1deb7 elementor-widget elementor-widget-image\" data-id=\"5e1deb7\" data-element_type=\"widget\" data-widget_type=\"image.default\">\n\t\t\t\t<div class=\"elementor-widget-container\">\n\t\t\t\t\t\t\t\t\t\t\t\t\t\t\t<img fetchpriority=\"high\" decoding=\"async\" width=\"300\" height=\"300\" src=\"https:\/\/luciaporto.com.br\/index\/wp-content\/uploads\/2022\/08\/cropped-24125_1225356043686_2634144_n-300x300.jpg\" class=\"attachment-medium size-medium wp-image-914\" alt=\"Lucia Porto, Artista Pl\u00e1stica Experimental Contempor\u00e2nea\" srcset=\"https:\/\/luciaporto.com.br\/index\/wp-content\/uploads\/2022\/08\/cropped-24125_1225356043686_2634144_n-300x300.jpg 300w, https:\/\/luciaporto.com.br\/index\/wp-content\/uploads\/2022\/08\/cropped-24125_1225356043686_2634144_n-150x150.jpg 150w, https:\/\/luciaporto.com.br\/index\/wp-content\/uploads\/2022\/08\/cropped-24125_1225356043686_2634144_n.jpg 512w\" sizes=\"(max-width: 300px) 100vw, 300px\" style=\"width:100%;height:100%;max-width:512px\" \/>\t\t\t\t\t\t\t\t\t\t\t\t\t\t\t<\/div>\n\t\t\t\t<\/div>\n\t\t\t\t\t<\/div>\n\t\t<\/div>\n\t\t\t\t\t<\/div>\n\t\t<\/section>\n\t\t\t\t\t<\/div>\n\t\t<\/div>\n\t\t\t\t\t<\/div>\n\t\t<\/section>\n\t\t\t\t<\/div>\n\t\t","protected":false},"excerpt":{"rendered":"<p>Clique no menu de trabalhos de Lucia Porto para ver a galeria das obras. \u00a0 Atua em espa\u00e7os institucionais, alternativos e urbanos com obras de grandes dimens\u00f5es, usando espa\u00e7os como suporte. Explora a mat\u00e9ria, prima, primeira, primordial. Desvenda o universo criativo e imaginativo que um objeto tr\u00e1s intr\u00edsico a sua ess\u00eancia sem alterar necessariamente a&hellip; <a class=\"more-link\" href=\"https:\/\/luciaporto.com.br\/index\/trabalhos-lucia-porto\/\">Continuar lendo <span class=\"screen-reader-text\">Trabalhos de Lucia Porto<\/span><\/a><\/p>\n","protected":false},"author":1,"featured_media":0,"parent":0,"menu_order":0,"comment_status":"closed","ping_status":"closed","template":"elementor_header_footer","meta":{"footnotes":""},"categories":[8],"tags":[],"class_list":["post-283","page","type-page","status-publish","hentry","category-trabalhos","entry"],"yoast_head":"<!-- This site is optimized with the Yoast SEO plugin v27.3 - https:\/\/yoast.com\/product\/yoast-seo-wordpress\/ -->\n<title>Trabalhos de Lucia Porto | Lucia Porto<\/title>\n<meta name=\"description\" content=\"Trabalhos de Lucia Porto, artista pl\u00e1stica, atua em espa\u00e7os institucionais, alternativos e urbanos com obras de grandes dimens\u00f5es.\" \/>\n<meta name=\"robots\" content=\"index, follow, max-snippet:-1, max-image-preview:large, max-video-preview:-1\" \/>\n<link rel=\"canonical\" href=\"https:\/\/luciaporto.com.br\/index\/trabalhos-lucia-porto\/\" \/>\n<meta property=\"og:locale\" content=\"pt_BR\" \/>\n<meta property=\"og:type\" content=\"article\" \/>\n<meta property=\"og:title\" content=\"Trabalhos de Lucia Porto | Lucia Porto\" \/>\n<meta property=\"og:description\" content=\"Trabalhos de Lucia Porto, artista pl\u00e1stica, atua em espa\u00e7os institucionais, alternativos e urbanos com obras de grandes dimens\u00f5es.\" \/>\n<meta property=\"og:url\" content=\"https:\/\/luciaporto.com.br\/index\/trabalhos-lucia-porto\/\" \/>\n<meta property=\"og:site_name\" content=\"Lucia Porto\" \/>\n<meta property=\"article:publisher\" content=\"https:\/\/www.facebook.com\/lucia.porto.180\" \/>\n<meta property=\"article:modified_time\" content=\"2022-09-29T16:29:49+00:00\" \/>\n<meta property=\"og:image\" content=\"https:\/\/luciaporto.com.br\/index\/wp-content\/uploads\/2022\/08\/cropped-24125_1225356043686_2634144_n-300x300.jpg\" \/>\n<meta name=\"twitter:card\" content=\"summary_large_image\" \/>\n<meta name=\"twitter:label1\" content=\"Est. tempo de leitura\" \/>\n\t<meta name=\"twitter:data1\" content=\"1 minuto\" \/>\n<script type=\"application\/ld+json\" class=\"yoast-schema-graph\">{\"@context\":\"https:\\\/\\\/schema.org\",\"@graph\":[{\"@type\":\"WebPage\",\"@id\":\"https:\\\/\\\/luciaporto.com.br\\\/index\\\/trabalhos-lucia-porto\\\/\",\"url\":\"https:\\\/\\\/luciaporto.com.br\\\/index\\\/trabalhos-lucia-porto\\\/\",\"name\":\"Trabalhos de Lucia Porto | Lucia Porto\",\"isPartOf\":{\"@id\":\"https:\\\/\\\/luciaporto.com.br\\\/index\\\/#website\"},\"primaryImageOfPage\":{\"@id\":\"https:\\\/\\\/luciaporto.com.br\\\/index\\\/trabalhos-lucia-porto\\\/#primaryimage\"},\"image\":{\"@id\":\"https:\\\/\\\/luciaporto.com.br\\\/index\\\/trabalhos-lucia-porto\\\/#primaryimage\"},\"thumbnailUrl\":\"https:\\\/\\\/luciaporto.com.br\\\/index\\\/wp-content\\\/uploads\\\/2022\\\/08\\\/cropped-24125_1225356043686_2634144_n-300x300.jpg\",\"datePublished\":\"2022-08-09T19:14:41+00:00\",\"dateModified\":\"2022-09-29T16:29:49+00:00\",\"description\":\"Trabalhos de Lucia Porto, artista pl\u00e1stica, atua em espa\u00e7os institucionais, alternativos e urbanos com obras de grandes dimens\u00f5es.\",\"breadcrumb\":{\"@id\":\"https:\\\/\\\/luciaporto.com.br\\\/index\\\/trabalhos-lucia-porto\\\/#breadcrumb\"},\"inLanguage\":\"pt-BR\",\"potentialAction\":[{\"@type\":\"ReadAction\",\"target\":[\"https:\\\/\\\/luciaporto.com.br\\\/index\\\/trabalhos-lucia-porto\\\/\"]}]},{\"@type\":\"ImageObject\",\"inLanguage\":\"pt-BR\",\"@id\":\"https:\\\/\\\/luciaporto.com.br\\\/index\\\/trabalhos-lucia-porto\\\/#primaryimage\",\"url\":\"https:\\\/\\\/luciaporto.com.br\\\/index\\\/wp-content\\\/uploads\\\/2022\\\/08\\\/cropped-24125_1225356043686_2634144_n.jpg\",\"contentUrl\":\"https:\\\/\\\/luciaporto.com.br\\\/index\\\/wp-content\\\/uploads\\\/2022\\\/08\\\/cropped-24125_1225356043686_2634144_n.jpg\",\"width\":512,\"height\":512,\"caption\":\"Lucia Porto, Artista Pl\u00e1stica Experimental Contempor\u00e2nea\"},{\"@type\":\"BreadcrumbList\",\"@id\":\"https:\\\/\\\/luciaporto.com.br\\\/index\\\/trabalhos-lucia-porto\\\/#breadcrumb\",\"itemListElement\":[{\"@type\":\"ListItem\",\"position\":1,\"name\":\"In\u00edcio\",\"item\":\"https:\\\/\\\/luciaporto.com.br\\\/index\\\/\"},{\"@type\":\"ListItem\",\"position\":2,\"name\":\"Trabalhos de Lucia Porto\"}]},{\"@type\":\"WebSite\",\"@id\":\"https:\\\/\\\/luciaporto.com.br\\\/index\\\/#website\",\"url\":\"https:\\\/\\\/luciaporto.com.br\\\/index\\\/\",\"name\":\"Lucia Porto\",\"description\":\"Artista Pl\u00e1stica Experimental Contempor\u00e2nea\",\"publisher\":{\"@id\":\"https:\\\/\\\/luciaporto.com.br\\\/index\\\/#organization\"},\"potentialAction\":[{\"@type\":\"SearchAction\",\"target\":{\"@type\":\"EntryPoint\",\"urlTemplate\":\"https:\\\/\\\/luciaporto.com.br\\\/index\\\/?s={search_term_string}\"},\"query-input\":{\"@type\":\"PropertyValueSpecification\",\"valueRequired\":true,\"valueName\":\"search_term_string\"}}],\"inLanguage\":\"pt-BR\"},{\"@type\":\"Organization\",\"@id\":\"https:\\\/\\\/luciaporto.com.br\\\/index\\\/#organization\",\"name\":\"Lucia Porto\",\"url\":\"https:\\\/\\\/luciaporto.com.br\\\/index\\\/\",\"logo\":{\"@type\":\"ImageObject\",\"inLanguage\":\"pt-BR\",\"@id\":\"https:\\\/\\\/luciaporto.com.br\\\/index\\\/#\\\/schema\\\/logo\\\/image\\\/\",\"url\":\"https:\\\/\\\/luciaporto.com.br\\\/index\\\/wp-content\\\/uploads\\\/2022\\\/08\\\/cropped-24125_1225356043686_2634144_n.jpg\",\"contentUrl\":\"https:\\\/\\\/luciaporto.com.br\\\/index\\\/wp-content\\\/uploads\\\/2022\\\/08\\\/cropped-24125_1225356043686_2634144_n.jpg\",\"width\":512,\"height\":512,\"caption\":\"Lucia Porto\"},\"image\":{\"@id\":\"https:\\\/\\\/luciaporto.com.br\\\/index\\\/#\\\/schema\\\/logo\\\/image\\\/\"},\"sameAs\":[\"https:\\\/\\\/www.facebook.com\\\/lucia.porto.180\"]}]}<\/script>\n<!-- \/ Yoast SEO plugin. -->","yoast_head_json":{"title":"Trabalhos de Lucia Porto | Lucia Porto","description":"Trabalhos de Lucia Porto, artista pl\u00e1stica, atua em espa\u00e7os institucionais, alternativos e urbanos com obras de grandes dimens\u00f5es.","robots":{"index":"index","follow":"follow","max-snippet":"max-snippet:-1","max-image-preview":"max-image-preview:large","max-video-preview":"max-video-preview:-1"},"canonical":"https:\/\/luciaporto.com.br\/index\/trabalhos-lucia-porto\/","og_locale":"pt_BR","og_type":"article","og_title":"Trabalhos de Lucia Porto | Lucia Porto","og_description":"Trabalhos de Lucia Porto, artista pl\u00e1stica, atua em espa\u00e7os institucionais, alternativos e urbanos com obras de grandes dimens\u00f5es.","og_url":"https:\/\/luciaporto.com.br\/index\/trabalhos-lucia-porto\/","og_site_name":"Lucia Porto","article_publisher":"https:\/\/www.facebook.com\/lucia.porto.180","article_modified_time":"2022-09-29T16:29:49+00:00","og_image":[{"url":"https:\/\/luciaporto.com.br\/index\/wp-content\/uploads\/2022\/08\/cropped-24125_1225356043686_2634144_n-300x300.jpg","type":"","width":"","height":""}],"twitter_card":"summary_large_image","twitter_misc":{"Est. tempo de leitura":"1 minuto"},"schema":{"@context":"https:\/\/schema.org","@graph":[{"@type":"WebPage","@id":"https:\/\/luciaporto.com.br\/index\/trabalhos-lucia-porto\/","url":"https:\/\/luciaporto.com.br\/index\/trabalhos-lucia-porto\/","name":"Trabalhos de Lucia Porto | Lucia Porto","isPartOf":{"@id":"https:\/\/luciaporto.com.br\/index\/#website"},"primaryImageOfPage":{"@id":"https:\/\/luciaporto.com.br\/index\/trabalhos-lucia-porto\/#primaryimage"},"image":{"@id":"https:\/\/luciaporto.com.br\/index\/trabalhos-lucia-porto\/#primaryimage"},"thumbnailUrl":"https:\/\/luciaporto.com.br\/index\/wp-content\/uploads\/2022\/08\/cropped-24125_1225356043686_2634144_n-300x300.jpg","datePublished":"2022-08-09T19:14:41+00:00","dateModified":"2022-09-29T16:29:49+00:00","description":"Trabalhos de Lucia Porto, artista pl\u00e1stica, atua em espa\u00e7os institucionais, alternativos e urbanos com obras de grandes dimens\u00f5es.","breadcrumb":{"@id":"https:\/\/luciaporto.com.br\/index\/trabalhos-lucia-porto\/#breadcrumb"},"inLanguage":"pt-BR","potentialAction":[{"@type":"ReadAction","target":["https:\/\/luciaporto.com.br\/index\/trabalhos-lucia-porto\/"]}]},{"@type":"ImageObject","inLanguage":"pt-BR","@id":"https:\/\/luciaporto.com.br\/index\/trabalhos-lucia-porto\/#primaryimage","url":"https:\/\/luciaporto.com.br\/index\/wp-content\/uploads\/2022\/08\/cropped-24125_1225356043686_2634144_n.jpg","contentUrl":"https:\/\/luciaporto.com.br\/index\/wp-content\/uploads\/2022\/08\/cropped-24125_1225356043686_2634144_n.jpg","width":512,"height":512,"caption":"Lucia Porto, Artista Pl\u00e1stica Experimental Contempor\u00e2nea"},{"@type":"BreadcrumbList","@id":"https:\/\/luciaporto.com.br\/index\/trabalhos-lucia-porto\/#breadcrumb","itemListElement":[{"@type":"ListItem","position":1,"name":"In\u00edcio","item":"https:\/\/luciaporto.com.br\/index\/"},{"@type":"ListItem","position":2,"name":"Trabalhos de Lucia Porto"}]},{"@type":"WebSite","@id":"https:\/\/luciaporto.com.br\/index\/#website","url":"https:\/\/luciaporto.com.br\/index\/","name":"Lucia Porto","description":"Artista Pl\u00e1stica Experimental Contempor\u00e2nea","publisher":{"@id":"https:\/\/luciaporto.com.br\/index\/#organization"},"potentialAction":[{"@type":"SearchAction","target":{"@type":"EntryPoint","urlTemplate":"https:\/\/luciaporto.com.br\/index\/?s={search_term_string}"},"query-input":{"@type":"PropertyValueSpecification","valueRequired":true,"valueName":"search_term_string"}}],"inLanguage":"pt-BR"},{"@type":"Organization","@id":"https:\/\/luciaporto.com.br\/index\/#organization","name":"Lucia Porto","url":"https:\/\/luciaporto.com.br\/index\/","logo":{"@type":"ImageObject","inLanguage":"pt-BR","@id":"https:\/\/luciaporto.com.br\/index\/#\/schema\/logo\/image\/","url":"https:\/\/luciaporto.com.br\/index\/wp-content\/uploads\/2022\/08\/cropped-24125_1225356043686_2634144_n.jpg","contentUrl":"https:\/\/luciaporto.com.br\/index\/wp-content\/uploads\/2022\/08\/cropped-24125_1225356043686_2634144_n.jpg","width":512,"height":512,"caption":"Lucia Porto"},"image":{"@id":"https:\/\/luciaporto.com.br\/index\/#\/schema\/logo\/image\/"},"sameAs":["https:\/\/www.facebook.com\/lucia.porto.180"]}]}},"_links":{"self":[{"href":"https:\/\/luciaporto.com.br\/index\/wp-json\/wp\/v2\/pages\/283","targetHints":{"allow":["GET"]}}],"collection":[{"href":"https:\/\/luciaporto.com.br\/index\/wp-json\/wp\/v2\/pages"}],"about":[{"href":"https:\/\/luciaporto.com.br\/index\/wp-json\/wp\/v2\/types\/page"}],"author":[{"embeddable":true,"href":"https:\/\/luciaporto.com.br\/index\/wp-json\/wp\/v2\/users\/1"}],"replies":[{"embeddable":true,"href":"https:\/\/luciaporto.com.br\/index\/wp-json\/wp\/v2\/comments?post=283"}],"version-history":[{"count":44,"href":"https:\/\/luciaporto.com.br\/index\/wp-json\/wp\/v2\/pages\/283\/revisions"}],"predecessor-version":[{"id":1144,"href":"https:\/\/luciaporto.com.br\/index\/wp-json\/wp\/v2\/pages\/283\/revisions\/1144"}],"wp:attachment":[{"href":"https:\/\/luciaporto.com.br\/index\/wp-json\/wp\/v2\/media?parent=283"}],"wp:term":[{"taxonomy":"category","embeddable":true,"href":"https:\/\/luciaporto.com.br\/index\/wp-json\/wp\/v2\/categories?post=283"},{"taxonomy":"post_tag","embeddable":true,"href":"https:\/\/luciaporto.com.br\/index\/wp-json\/wp\/v2\/tags?post=283"}],"curies":[{"name":"wp","href":"https:\/\/api.w.org\/{rel}","templated":true}]}}